{"id":15,"date":"2020-03-22T22:31:31","date_gmt":"2020-03-22T21:31:31","guid":{"rendered":"https:\/\/www.hniliczka.at\/feuerwehrkids\/?page_id=15"},"modified":"2021-12-29T15:54:23","modified_gmt":"2021-12-29T14:54:23","slug":"one-page-express","status":"publish","type":"page","link":"http:\/\/www.hniliczka.at\/feuerwehrkids\/","title":{"rendered":"Startseite"},"content":{"rendered":"<div  id=\"freebie\" style=\"background-color: #ffffff;\" data-label=\"FREEBIE\" data-id=\"content-image-left\" data-category=\"content\" class=\"content-left-image-section\"> <div  class=\"gridContainer\"> <div  class=\"row\"> <div  class=\"content-left-image-imgcol\" data-type=\"column\"> <img  src=\"https:\/\/www.hniliczka.at\/feuerwehrkids\/wp-content\/uploads\/2020\/03\/INSTA_FEUERWEHRKIDS_EINTRA\u0308GE10.png\" class=\"\"> <\/div> <div  class=\"content-left-image-textcol dynamic-color\" data-type=\"column\">   <p  class=\"large_text\">Im Zuge der Ausgangsbeschr\u00e4nkung durch den Coronavirus (Covid-19) entstand durch die Jugendbetreuerin Lisa Rauscher von der Freiwilligen Feuerwehr Theresienfeld die Idee zu einem R\u00e4tselheft f\u00fcr&nbsp; M\u00e4dchen und Burschen, welche nun auch nicht mehr in das Feuerwehrhaus kommen d\u00fcrfen.<br ><br >Dem Motto \u201eStay at home\u201c folgend erstellte Lisa das R\u00e4tselheft f\u00fcr \u201eihre\u201c Kids zu Hause.<br ><br >Die Aufgaben aus dem R\u00e4tselheft stehen nun allen Kindern zum kostenlosen Download zur Verf\u00fcgung.\n<br ><br >\nWir erweitern das Angebot laufend \u2013 gerade jetzt wollen wir Euch t\u00e4glich neue Herausforderunen anhand von Arbeitsbl\u00e4ttern und Spielen hier kostenlos zum Download zur Verf\u00fcgung stellen.\n<\/p><a class=\"button blue\" href=\"https:\/\/www.hniliczka.at\/feuerwehrkids\/downloads\" target=\"_self\" rel=\"noopener noreferrer\"> ZU DEN DOWNLOADS <\/a> <\/div> <\/div> <\/div> <\/div><div  id=\"newsletter\" data-label=\"NEWSLETTER\" data-id=\"contact-section\" data-category=\"contact\" data-bg=\"transparent\" class=\"contact-section-formsection white-text\" style=\"background-image: url(&quot;https:\/\/www.hniliczka.at\/feuerwehrkids\/wp-content\/uploads\/2020\/03\/1.png&quot;); background-color: rgb(249, 168, 40); background-size: cover; background-position: center top;\" data-ovid=\"ovid-newsletter-5449\"> <div  class=\"gridContainer\"> <div  class=\"row_224\"> <div  class=\"contact-textrow\"> <div  class=\"contact-textcol dynamic-color\"> <h2  class=\"\">Newsletter-Anmeldung<\/h2> <p  class=\"white_text\">Bleibt am Laufenden und erhaltet demn\u00e4chst News zu unseren weiteren Angeboten, Downloads und Produkten.\n<br ><br >Du bekommst jetzt t\u00e4glich (in der Coronavirus-Zeit) von uns Links zu neuen Aufgaben zum Download!<\/p> <\/div> <\/div> <\/div> <div  class=\"contact-formcol\" data-content-shortcode=\"one_page_express_contact_form shortcode=&quot;mc4wp_form id=&amp;amp;amp;amp;quot;14&amp;amp;amp;amp;quot;&quot;\" data-editable=\"true\"><script>(function() {\n\twindow.mc4wp = window.mc4wp || {\n\t\tlisteners: [],\n\t\tforms: {\n\t\t\ton: function(evt, cb) {\n\t\t\t\twindow.mc4wp.listeners.push(\n\t\t\t\t\t{\n\t\t\t\t\t\tevent   : evt,\n\t\t\t\t\t\tcallback: cb\n\t\t\t\t\t}\n\t\t\t\t);\n\t\t\t}\n\t\t}\n\t}\n})();\n<\/script><!-- Mailchimp for WordPress v4.8.7 - https:\/\/wordpress.org\/plugins\/mailchimp-for-wp\/ --><form id=\"mc4wp-form-1\" class=\"mc4wp-form mc4wp-form-14\" method=\"post\" data-id=\"14\" data-name=\"Newsletter Feuerwehrkids allgemein\" ><div class=\"mc4wp-form-fields\"><input type=\"email\" name=\"EMAIL\" placeholder=\"Deine E-Mail Adresse\" required \/><input type=\"submit\" value=\"Zum Newsletter eintragen\" \/><\/div><label style=\"display: none !important;\">Wenn du ein Mensch bist, lasse das Feld leer: <input type=\"text\" name=\"_mc4wp_honeypot\" value=\"\" tabindex=\"-1\" autocomplete=\"off\" \/><\/label><input type=\"hidden\" name=\"_mc4wp_timestamp\" value=\"1775736860\" \/><input type=\"hidden\" name=\"_mc4wp_form_id\" value=\"14\" \/><input type=\"hidden\" name=\"_mc4wp_form_element_id\" value=\"mc4wp-form-1\" \/><div class=\"mc4wp-response\"><\/div><\/form><!-- \/ Mailchimp for WordPress Plugin --><\/div> <\/div><\/div><div  data-label=\"Content\" data-id=\"content-image-right\" data-category=\"content\" class=\"content-right-image-section content-image-right\" id=\"content-4\" style=\"background-color: rgb(246, 246, 246);\"> <div  class=\"gridContainer\"> <div  class=\"content-right-image-gridcol\"> <div  class=\"content-right-image-textcol dynamic-color\" data-type=\"column\"> <h2  class=\"\">Die Idee<\/h2> <p  class=\"large_text\">FEUERWEHRKIDS.AT entstand aus der Idee rund um den Coronavirus, die Jugendlichen zu Hause mit Feuerwehrthemen zu besch\u00e4ftigen und durch viele Gespr\u00e4che von Lisa und Pamela, welche ebenfalls einmal Jugendbetreuerin der Feuerwehrjugend Theresienfeld war. \n<br ><br >\nWir arbeiten nun gemeinsam an weiteren Spielen, R\u00e4tseln, Denksportaufgaben f\u00fcr zu Hause.\n<br ><br >Mit der Firma P.A.M. Solutions e.U. wird nun an verschiedenen Produkten gearbeitet und wir freuen uns, wenn ihr zuk\u00fcnftig unsere Produkte online bestellt bzw. wieder kostenlose Arbeitsbl\u00e4tter bei uns downloadet.<\/p>  <\/div> <div  class=\"content-right-image-imgcol\" data-type=\"column\"> <img  src=\"https:\/\/www.hniliczka.at\/feuerwehrkids\/wp-content\/uploads\/2020\/03\/mockup-of-a-set-of-square-flyers-against-a-solid-background-1751-el-1.png\" class=\"\"> <\/div> <\/div> <\/div> <\/div><div  data-label=\"WER WIR SIND\" data-id=\"features-square-image-section\" data-category=\"features\" class=\"features-square-image-section\" id=\"wer-wir-sind\" style=\"background-color: rgb(255, 255, 255);\"> <div  class=\"dynamic-color gridContainer\"> <div  class=\"features-square-image-textrow\"> <div  class=\"features-square-image-textcol\" data-type=\"column\"> <h2  class=\"\">Wer wir sind<\/h2> <p  class=\"\">Hinter jeder Idee stecken Menschen \u2013 Menschen wie Du und Ich! \n<br >Lisa und Pamela verbindet wie viele von Euch das freiwillige Feuerwehrwesen.\n\n<br >Sie sind beide Mitglieder der Freiwilligen Feuerwehr Theresienfeld in Nieder\u00f6sterreich.<\/p> <\/div> <\/div> <div  class=\"features-square-image-innerrow\" data-type=\"row\"> <div  class=\"features-square-image-featcol cp6cols-tablet cp6cols\"><img  class=\"features-square-image-featimg\" src=\"https:\/\/www.hniliczka.at\/feuerwehrkids\/wp-content\/uploads\/2020\/03\/INSTA_FEUERWEHRKIDS_EINTRA\u0308GE1.png\"> <h4  class=\"\">Lisa Rauscher<\/h4> <p  class=\"\">Mein Name ist Lisa Rauscher und mein Herz ist seit meinem 10. Lebensjahr der Feuerwehr verschrieben. Nach f\u00fcnf erfolgreichen und lehrreichen Jahren bei der Feuerwehrjugend Theresienfeld bin ich auch weiter im aktiven Feuerwehrdienst der Feuerwehr Theresienfeld und vor allem der Feuerwehrjugendgruppe treu geblieben. Seit einigen Jahren darf ich mich auch die Jugendbetreuerin der Feuerwehrjugend Theresienfeld nennen, was mir unheimlich viel Freude bereitet.\n<br ><br >Aus meiner Zeit in der Feuerwehrjugend konnte ich sehr viele Erfahrungen und Kenntnisse in meine weitere Feuerwehrkarriere mitnehmen. Dadurch wei\u00df ich aber, dass Jugendstunden auch manchmal nicht so spannend sein k\u00f6nnen, vor allem wenn es um die trockene Theorie geht. Jedoch ist es auch wichtig, sich mit der Theorie auseinanderzusetzen, um sp\u00e4ter in der Praxis zu wissen wie etwas funktioniert. Aber warum dies nicht mit etwas Spiel und Spa\u00df verbinden?\n<br ><br >In diesem kleinen R\u00e4tselheftchen befinden sich viele R\u00e4tsel und Aufgaben rund um das Feuerwehrwesen. Egal ob in der Jugendstunde oder daheim, diese Aufgaben k\u00f6nnen u\u0308berall gel\u00f6st werden.\n<br ><br >Ich hoffe, ihr habt viel Spa\u00df damit!<\/p>  <\/div> <div  class=\"features-square-image-featcol cp6cols-tablet cp6cols\"><img  class=\"features-square-image-featimg\" src=\"https:\/\/www.hniliczka.at\/feuerwehrkids\/wp-content\/uploads\/2020\/03\/INSTA_FEUERWEHRKIDS_EINTRA\u0308GE11.png\"> <h4  class=\"\">Pamela Hniliczka<\/h4> <p  class=\"\">Mein Name ist Pamela Hniliczka und in meiner Familie hat sich immer alles um die Feuerwehr gedreht. Mein Vater hat 1976 die Feuerwehrjugend in Theresienfeld gegr\u00fcndet und so war es vorgezeichnet, dass mir der \u201eVirus Feuerwehr\u201c in die Wiege gelegt wurde. Ich bin seit mehr als 20 Jahren bei der Feuerwehr \u2013 leider war es zu meiner Zeit noch nicht m\u00f6glich als M\u00e4dchen zur Feuerwehrjugend zu gehen.\n<br ><br >Ich war dann auch einige Jahre Betreuerin der Feuerwehrjugend Theresienfeld, dann auch im Arbeitsausschuss der N\u00d6 Feuerwehrjugend aktiv ehrenamtlich t\u00e4tig und nun bin ich immer noch gerne Feuerwehrmitglied.\n<br ><br >Mit Lisa verbindet mich, dass sie als engagierte junge Frau ein echtes Vorbild f\u00fcr ihre M\u00e4dchen und Burschen bei der Feuerwehrjugend ist. Wir sind immer wieder in Verbindung und manchmal helfe ich noch gerne aus, wenn die Feuerwehrjugend zu Bewerben, zum Jugendlager oder auch bei anderen Aktionen Unterst\u00fctzung braucht. \n<br ><br >Lisa und ich tauschen uns immer wieder auch mal \u00fcber Ideen und das Feuerwehrwesen aus. Und so haben wir nun unsere Energie und Ideen geb\u00fcndelt und betreiben die Idee FEUERWEHRKIDS.AT nun \u00fcber meine eigene Firma P.A.M. Solutions e.U. Werbeagentur.\n<br ><br >Ich freu mich, wenn ihr mit unseren Ideen und Produkten viel Spa\u00df habt!<\/p> <\/div>  <\/div> <\/div><\/div><div  data-label=\"PRODUKTE\" data-id=\"features-image-cards-section\" data-category=\"features\" class=\"features-image-cards-section\" style=\"background-color: rgb(246, 246, 246);\" id=\"produkte-1\"> <div  class=\"gridContainer\"> <div  class=\"features-image-cards-textrow\"> <div  class=\"features-image-cards-textcol dynamic-color\" data-type=\"column\"> <h2  class=\"\">Produkte<\/h2> <p  class=\"\">In der Zukunft m\u00f6chten wir Euch \u00fcber FEUERWEHRKIDS.AT mit weiteren Spielen, R\u00e4tsel, L\u00fccktentexten, Malvorlagen \u2013 vielem Wissen \u00fcber die Feuerwehr und ihre Arbeit begl\u00fccken.\n<br ><br >Au\u00dferdem gibt es demn\u00e4chst hier Artikel wie Jausenboxen, Turnbeutel und Trinkbecher zu kaufen.<\/p> <\/div> <\/div> <div  class=\"features-image-cards-innerrow flexbox-list dark-text\" data-type=\"row\"> <div  class=\"features-image-cards-cardcol cp4cols cp6cols-tablet\"> <div  class=\"features-image-cards-cardrow\"><img  class=\"features-image-cards-featimg\" src=\"https:\/\/www.hniliczka.at\/feuerwehrkids\/wp-content\/uploads\/2020\/03\/INSTA_FEUERWEHRKIDS_EINTRA\u0308GE8.png\"> <div  class=\"features-image-cards-cardtextrow\" data-type=\"column\"> <h4  class=\"\">Spiele<\/h4> <p  class=\"\">Sammlung von Spielen mit Feuerwehrbezug<\/p>  <\/div> <\/div> <\/div> <div  class=\"features-image-cards-cardcol cp4cols cp6cols-tablet\"> <div  class=\"features-image-cards-cardrow\"><img  class=\"features-image-cards-featimg\" src=\"https:\/\/www.hniliczka.at\/feuerwehrkids\/wp-content\/uploads\/2020\/03\/INSTA_FEUERWEHRKIDS_EINTRA\u0308GE5.png\"> <div  class=\"features-image-cards-cardtextrow\" data-type=\"column\"> <h4  class=\"\">R\u00e4tsel, L\u00fcckentext &amp; Co.<\/h4> <p  class=\"\">Feuerwehr-R\u00e4tsel, L\u00fcckentexte, Suchbilder, hier findest du einiges zum t\u00e4glich Spiel.<\/p>  <a class=\"button small force-shadow color1 dark-text\" href=\"https:\/\/www.hniliczka.at\/feuerwehrkids\/downloads\" target=\"_self\" rel=\"noopener noreferrer\" data-icon=\"fa-arrow-circle-o-down\"><span  class=\"button-icon fa fa-arrow-circle-o-down\"><\/span>hier gehts weiter \u2026<\/a><\/div> <\/div> <\/div> <div  class=\"features-image-cards-cardcol cp4cols cp6cols-tablet\"> <div  class=\"features-image-cards-cardrow\"><img  class=\"features-image-cards-featimg\" src=\"https:\/\/www.hniliczka.at\/feuerwehrkids\/wp-content\/uploads\/2020\/03\/INSTA_FEUERWEHRKIDS_EINTRA\u0308GE9.png\"> <div  class=\"features-image-cards-cardtextrow\" data-type=\"column\"> <h4  class=\"\">Produkte<\/h4> <p  class=\"\">Kinderbilderb\u00fccher und Puzzle nur auf Anfrage per E-Mail &#8211; Restbestand m\u00f6glich &#8211; aufgrund Verlagsinsolvenz.<\/p>  <\/div> <\/div> <\/div> <\/div> <\/div><\/div><div  data-label=\"Gallery\" data-id=\"gallery-section\" data-category=\"gallery\" class=\"row_298 gallery-section\" id=\"gallery-2\" style=\"background-color: rgb(246, 246, 246);\"> <div  class=\"gridContainer\"> <div  class=\"row_300\"> <div  class=\"clients-grid-textcol dynamic-color\"> <h2 >Ein paar coole Bilder<\/h2> <p >Einige Bilder erreichen uns immer wieder von gl\u00fccklichen Nutzern unserer Angebote, Basteltipps und Malvorlagen.<br >\nAu\u00dferdem wollen wir Euch einige von unseren Produkten darstellen.<\/p> <\/div> <\/div> <div  class=\"row_299\" data-content-shortcode=\"ope_gallery id=&quot;ope-gallery-2&quot; columns=&quot;4&quot; ids=&quot;29,350,351,352,353,326,325,324,323,322&quot; lb=&quot;1&quot; masonry=&quot;1&quot; size=&quot;medium&quot; link=&quot;file&quot; \" data-editable=\"true\"><div id='ope-gallery-2' class='gallery-wrapper'>    <style type=\"text\/css\">\n        @media only screen and (min-width: 768px) {\n        #ope-gallery-2 dl {\n            float: left;\n            width: 25% !important;\n            max-width: 25% !important;\n            min-width: 25% !important;\n        }\n\n        #ope-gallery-2 dl:nth-of-type(4n +1 ) {\n                                       clear: both;\n                                   }\n        }\n    <\/style>\n    <div   class='ope-gallery-2-dls-wrapper gallery-items-wrapper' ><dl class='gallery-item'>\n\t\t\t<dt class='gallery-icon landscape'>\n\t\t\t\t<a data-fancybox=\"ope-gallery-2-group\" href='http:\/\/www.hniliczka.at\/feuerwehrkids\/wp-content\/uploads\/2020\/03\/mockup-of-a-set-of-square-flyers-against-a-solid-background-1751-el-1.png'><img  width=\"300\" height=\"200\" src=\"http:\/\/www.hniliczka.at\/feuerwehrkids\/wp-content\/uploads\/2020\/03\/mockup-of-a-set-of-square-flyers-against-a-solid-background-1751-el-1-300x200.png\"  class='ope-gallery-2-image' alt=\"\" loading=\"lazy\" srcset=\"http:\/\/www.hniliczka.at\/feuerwehrkids\/wp-content\/uploads\/2020\/03\/mockup-of-a-set-of-square-flyers-against-a-solid-background-1751-el-1-300x200.png 300w, http:\/\/www.hniliczka.at\/feuerwehrkids\/wp-content\/uploads\/2020\/03\/mockup-of-a-set-of-square-flyers-against-a-solid-background-1751-el-1-1024x683.png 1024w, http:\/\/www.hniliczka.at\/feuerwehrkids\/wp-content\/uploads\/2020\/03\/mockup-of-a-set-of-square-flyers-against-a-solid-background-1751-el-1-768x512.png 768w, http:\/\/www.hniliczka.at\/feuerwehrkids\/wp-content\/uploads\/2020\/03\/mockup-of-a-set-of-square-flyers-against-a-solid-background-1751-el-1-1536x1024.png 1536w, http:\/\/www.hniliczka.at\/feuerwehrkids\/wp-content\/uploads\/2020\/03\/mockup-of-a-set-of-square-flyers-against-a-solid-background-1751-el-1-1620x1080.png 1620w, http:\/\/www.hniliczka.at\/feuerwehrkids\/wp-content\/uploads\/2020\/03\/mockup-of-a-set-of-square-flyers-against-a-solid-background-1751-el-1.png 1920w\" sizes=\"(max-width: 300px) 100vw, 300px\" \/><\/a>\n\t\t\t<\/dt><\/dl><dl class='gallery-item'>\n\t\t\t<dt class='gallery-icon landscape'>\n\t\t\t\t<a data-fancybox=\"ope-gallery-2-group\" href='http:\/\/www.hniliczka.at\/feuerwehrkids\/wp-content\/uploads\/2020\/04\/WhatsApp-Image-2020-03-31-at-15.24.141.jpeg'><img  width=\"300\" height=\"169\" src=\"http:\/\/www.hniliczka.at\/feuerwehrkids\/wp-content\/uploads\/2020\/04\/WhatsApp-Image-2020-03-31-at-15.24.141-300x169.jpeg\"  class='ope-gallery-2-image' alt=\"\" loading=\"lazy\" srcset=\"http:\/\/www.hniliczka.at\/feuerwehrkids\/wp-content\/uploads\/2020\/04\/WhatsApp-Image-2020-03-31-at-15.24.141-300x169.jpeg 300w, http:\/\/www.hniliczka.at\/feuerwehrkids\/wp-content\/uploads\/2020\/04\/WhatsApp-Image-2020-03-31-at-15.24.141-1024x576.jpeg 1024w, http:\/\/www.hniliczka.at\/feuerwehrkids\/wp-content\/uploads\/2020\/04\/WhatsApp-Image-2020-03-31-at-15.24.141-768x432.jpeg 768w, http:\/\/www.hniliczka.at\/feuerwehrkids\/wp-content\/uploads\/2020\/04\/WhatsApp-Image-2020-03-31-at-15.24.141.jpeg 1328w\" sizes=\"(max-width: 300px) 100vw, 300px\" \/><\/a>\n\t\t\t<\/dt><\/dl><dl class='gallery-item'>\n\t\t\t<dt class='gallery-icon portrait'>\n\t\t\t\t<a data-fancybox=\"ope-gallery-2-group\" href='http:\/\/www.hniliczka.at\/feuerwehrkids\/wp-content\/uploads\/2020\/04\/WhatsApp-Image-2020-03-31-at-15.24.143.jpeg'><img  width=\"234\" height=\"300\" src=\"http:\/\/www.hniliczka.at\/feuerwehrkids\/wp-content\/uploads\/2020\/04\/WhatsApp-Image-2020-03-31-at-15.24.143-234x300.jpeg\"  class='ope-gallery-2-image' alt=\"\" loading=\"lazy\" srcset=\"http:\/\/www.hniliczka.at\/feuerwehrkids\/wp-content\/uploads\/2020\/04\/WhatsApp-Image-2020-03-31-at-15.24.143-234x300.jpeg 234w, http:\/\/www.hniliczka.at\/feuerwehrkids\/wp-content\/uploads\/2020\/04\/WhatsApp-Image-2020-03-31-at-15.24.143-797x1024.jpeg 797w, http:\/\/www.hniliczka.at\/feuerwehrkids\/wp-content\/uploads\/2020\/04\/WhatsApp-Image-2020-03-31-at-15.24.143-768x986.jpeg 768w, http:\/\/www.hniliczka.at\/feuerwehrkids\/wp-content\/uploads\/2020\/04\/WhatsApp-Image-2020-03-31-at-15.24.143-1196x1536.jpeg 1196w, http:\/\/www.hniliczka.at\/feuerwehrkids\/wp-content\/uploads\/2020\/04\/WhatsApp-Image-2020-03-31-at-15.24.143-1024x1315.jpeg 1024w, http:\/\/www.hniliczka.at\/feuerwehrkids\/wp-content\/uploads\/2020\/04\/WhatsApp-Image-2020-03-31-at-15.24.143-841x1080.jpeg 841w, http:\/\/www.hniliczka.at\/feuerwehrkids\/wp-content\/uploads\/2020\/04\/WhatsApp-Image-2020-03-31-at-15.24.143.jpeg 1246w\" sizes=\"(max-width: 234px) 100vw, 234px\" \/><\/a>\n\t\t\t<\/dt><\/dl><dl class='gallery-item'>\n\t\t\t<dt class='gallery-icon portrait'>\n\t\t\t\t<a data-fancybox=\"ope-gallery-2-group\" href='http:\/\/www.hniliczka.at\/feuerwehrkids\/wp-content\/uploads\/2020\/04\/WhatsApp-Image-2020-03-31-at-15.24.14.jpeg'><img  width=\"169\" height=\"300\" src=\"http:\/\/www.hniliczka.at\/feuerwehrkids\/wp-content\/uploads\/2020\/04\/WhatsApp-Image-2020-03-31-at-15.24.14-169x300.jpeg\"  class='ope-gallery-2-image' alt=\"\" loading=\"lazy\" srcset=\"http:\/\/www.hniliczka.at\/feuerwehrkids\/wp-content\/uploads\/2020\/04\/WhatsApp-Image-2020-03-31-at-15.24.14-169x300.jpeg 169w, http:\/\/www.hniliczka.at\/feuerwehrkids\/wp-content\/uploads\/2020\/04\/WhatsApp-Image-2020-03-31-at-15.24.14-576x1024.jpeg 576w, http:\/\/www.hniliczka.at\/feuerwehrkids\/wp-content\/uploads\/2020\/04\/WhatsApp-Image-2020-03-31-at-15.24.14-608x1080.jpeg 608w, http:\/\/www.hniliczka.at\/feuerwehrkids\/wp-content\/uploads\/2020\/04\/WhatsApp-Image-2020-03-31-at-15.24.14.jpeg 747w\" sizes=\"(max-width: 169px) 100vw, 169px\" \/><\/a>\n\t\t\t<\/dt><\/dl><dl class='gallery-item'>\n\t\t\t<dt class='gallery-icon portrait'>\n\t\t\t\t<a data-fancybox=\"ope-gallery-2-group\" href='http:\/\/www.hniliczka.at\/feuerwehrkids\/wp-content\/uploads\/2020\/04\/WhatsApp-Image-2020-03-29-at-20.13.40.jpeg'><img  width=\"146\" height=\"300\" src=\"http:\/\/www.hniliczka.at\/feuerwehrkids\/wp-content\/uploads\/2020\/04\/WhatsApp-Image-2020-03-29-at-20.13.40-146x300.jpeg\"  class='ope-gallery-2-image' alt=\"\" loading=\"lazy\" srcset=\"http:\/\/www.hniliczka.at\/feuerwehrkids\/wp-content\/uploads\/2020\/04\/WhatsApp-Image-2020-03-29-at-20.13.40-146x300.jpeg 146w, http:\/\/www.hniliczka.at\/feuerwehrkids\/wp-content\/uploads\/2020\/04\/WhatsApp-Image-2020-03-29-at-20.13.40-498x1024.jpeg 498w, http:\/\/www.hniliczka.at\/feuerwehrkids\/wp-content\/uploads\/2020\/04\/WhatsApp-Image-2020-03-29-at-20.13.40-768x1580.jpeg 768w, http:\/\/www.hniliczka.at\/feuerwehrkids\/wp-content\/uploads\/2020\/04\/WhatsApp-Image-2020-03-29-at-20.13.40-746x1536.jpeg 746w, http:\/\/www.hniliczka.at\/feuerwehrkids\/wp-content\/uploads\/2020\/04\/WhatsApp-Image-2020-03-29-at-20.13.40-525x1080.jpeg 525w, http:\/\/www.hniliczka.at\/feuerwehrkids\/wp-content\/uploads\/2020\/04\/WhatsApp-Image-2020-03-29-at-20.13.40.jpeg 777w\" sizes=\"(max-width: 146px) 100vw, 146px\" \/><\/a>\n\t\t\t<\/dt><\/dl><dl class='gallery-item'>\n\t\t\t<dt class='gallery-icon landscape'>\n\t\t\t\t<a data-fancybox=\"ope-gallery-2-group\" href='http:\/\/www.hniliczka.at\/feuerwehrkids\/wp-content\/uploads\/2020\/03\/Puzzle_Polizei.png'><img  width=\"300\" height=\"300\" src=\"http:\/\/www.hniliczka.at\/feuerwehrkids\/wp-content\/uploads\/2020\/03\/Puzzle_Polizei-300x300.png\"  class='ope-gallery-2-image' alt=\"Puzzle - 133 hier kommt die Polizei\" loading=\"lazy\" aria-describedby=\"gallery-1-326\" srcset=\"http:\/\/www.hniliczka.at\/feuerwehrkids\/wp-content\/uploads\/2020\/03\/Puzzle_Polizei-300x300.png 300w, http:\/\/www.hniliczka.at\/feuerwehrkids\/wp-content\/uploads\/2020\/03\/Puzzle_Polizei-1024x1024.png 1024w, http:\/\/www.hniliczka.at\/feuerwehrkids\/wp-content\/uploads\/2020\/03\/Puzzle_Polizei-150x150.png 150w, http:\/\/www.hniliczka.at\/feuerwehrkids\/wp-content\/uploads\/2020\/03\/Puzzle_Polizei-768x768.png 768w, http:\/\/www.hniliczka.at\/feuerwehrkids\/wp-content\/uploads\/2020\/03\/Puzzle_Polizei.png 1080w\" sizes=\"(max-width: 300px) 100vw, 300px\" \/><\/a>\n\t\t\t<\/dt>\n\t\t\t\t<dd class='wp-caption-text gallery-caption' id='gallery-1-326'>\n\t\t\t\tPuzzle &#8211; 133 hier kommt die Polizei\n\t\t\t\t<\/dd><\/dl><dl class='gallery-item'>\n\t\t\t<dt class='gallery-icon landscape'>\n\t\t\t\t<a data-fancybox=\"ope-gallery-2-group\" href='http:\/\/www.hniliczka.at\/feuerwehrkids\/wp-content\/uploads\/2020\/03\/Puzzle_Feuerwehr.png'><img  width=\"300\" height=\"300\" src=\"http:\/\/www.hniliczka.at\/feuerwehrkids\/wp-content\/uploads\/2020\/03\/Puzzle_Feuerwehr-300x300.png\"  class='ope-gallery-2-image' alt=\"Puzzle - 122 die Feuerwehr herbei\" loading=\"lazy\" aria-describedby=\"gallery-1-325\" srcset=\"http:\/\/www.hniliczka.at\/feuerwehrkids\/wp-content\/uploads\/2020\/03\/Puzzle_Feuerwehr-300x300.png 300w, http:\/\/www.hniliczka.at\/feuerwehrkids\/wp-content\/uploads\/2020\/03\/Puzzle_Feuerwehr-1024x1024.png 1024w, http:\/\/www.hniliczka.at\/feuerwehrkids\/wp-content\/uploads\/2020\/03\/Puzzle_Feuerwehr-150x150.png 150w, http:\/\/www.hniliczka.at\/feuerwehrkids\/wp-content\/uploads\/2020\/03\/Puzzle_Feuerwehr-768x768.png 768w, http:\/\/www.hniliczka.at\/feuerwehrkids\/wp-content\/uploads\/2020\/03\/Puzzle_Feuerwehr.png 1080w\" sizes=\"(max-width: 300px) 100vw, 300px\" \/><\/a>\n\t\t\t<\/dt>\n\t\t\t\t<dd class='wp-caption-text gallery-caption' id='gallery-1-325'>\n\t\t\t\tPuzzle &#8211; 122 die Feuerwehr herbei\n\t\t\t\t<\/dd><\/dl><dl class='gallery-item'>\n\t\t\t<dt class='gallery-icon landscape'>\n\t\t\t\t<a data-fancybox=\"ope-gallery-2-group\" href='http:\/\/www.hniliczka.at\/feuerwehrkids\/wp-content\/uploads\/2020\/03\/rettung-1.jpg'><img  width=\"300\" height=\"213\" src=\"http:\/\/www.hniliczka.at\/feuerwehrkids\/wp-content\/uploads\/2020\/03\/rettung-1-300x213.jpg\"  class='ope-gallery-2-image' alt=\"\" loading=\"lazy\" aria-describedby=\"gallery-1-324\" srcset=\"http:\/\/www.hniliczka.at\/feuerwehrkids\/wp-content\/uploads\/2020\/03\/rettung-1-300x213.jpg 300w, http:\/\/www.hniliczka.at\/feuerwehrkids\/wp-content\/uploads\/2020\/03\/rettung-1-768x546.jpg 768w, http:\/\/www.hniliczka.at\/feuerwehrkids\/wp-content\/uploads\/2020\/03\/rettung-1.jpg 1024w\" sizes=\"(max-width: 300px) 100vw, 300px\" \/><\/a>\n\t\t\t<\/dt>\n\t\t\t\t<dd class='wp-caption-text gallery-caption' id='gallery-1-324'>\n\t\t\t\tKinderbilderbuch &#8211; 144 die Rettung ist jetzt hier\n\t\t\t\t<\/dd><\/dl><dl class='gallery-item'>\n\t\t\t<dt class='gallery-icon landscape'>\n\t\t\t\t<a data-fancybox=\"ope-gallery-2-group\" href='http:\/\/www.hniliczka.at\/feuerwehrkids\/wp-content\/uploads\/2020\/03\/polizei1.jpg'><img  width=\"300\" height=\"213\" src=\"http:\/\/www.hniliczka.at\/feuerwehrkids\/wp-content\/uploads\/2020\/03\/polizei1-300x213.jpg\"  class='ope-gallery-2-image' alt=\"\" loading=\"lazy\" aria-describedby=\"gallery-1-323\" srcset=\"http:\/\/www.hniliczka.at\/feuerwehrkids\/wp-content\/uploads\/2020\/03\/polizei1-300x213.jpg 300w, http:\/\/www.hniliczka.at\/feuerwehrkids\/wp-content\/uploads\/2020\/03\/polizei1-768x546.jpg 768w, http:\/\/www.hniliczka.at\/feuerwehrkids\/wp-content\/uploads\/2020\/03\/polizei1.jpg 1024w\" sizes=\"(max-width: 300px) 100vw, 300px\" \/><\/a>\n\t\t\t<\/dt>\n\t\t\t\t<dd class='wp-caption-text gallery-caption' id='gallery-1-323'>\n\t\t\t\tKinderbilderbuch &#8211; 133 hier kommt die Polizei\n\t\t\t\t<\/dd><\/dl><dl class='gallery-item'>\n\t\t\t<dt class='gallery-icon landscape'>\n\t\t\t\t<a data-fancybox=\"ope-gallery-2-group\" href='http:\/\/www.hniliczka.at\/feuerwehrkids\/wp-content\/uploads\/2020\/03\/feuer1.jpg'><img  width=\"300\" height=\"213\" src=\"http:\/\/www.hniliczka.at\/feuerwehrkids\/wp-content\/uploads\/2020\/03\/feuer1-300x213.jpg\"  class='ope-gallery-2-image' alt=\"\" loading=\"lazy\" aria-describedby=\"gallery-1-322\" srcset=\"http:\/\/www.hniliczka.at\/feuerwehrkids\/wp-content\/uploads\/2020\/03\/feuer1-300x213.jpg 300w, http:\/\/www.hniliczka.at\/feuerwehrkids\/wp-content\/uploads\/2020\/03\/feuer1-768x546.jpg 768w, http:\/\/www.hniliczka.at\/feuerwehrkids\/wp-content\/uploads\/2020\/03\/feuer1.jpg 1024w\" sizes=\"(max-width: 300px) 100vw, 300px\" \/><\/a>\n\t\t\t<\/dt>\n\t\t\t\t<dd class='wp-caption-text gallery-caption' id='gallery-1-322'>\n\t\t\t\tKinderbilderbuch &#8211; 122 die Feuerwehr herbei\n\t\t\t\t<\/dd><\/dl>\n\t\t\t\n\t\t<\/div>\n<style>#ope-gallery-2 .wp-caption-text.gallery-caption{display:none;}<\/style><\/div><\/div> <\/div><\/div>","protected":false},"excerpt":{"rendered":"<p>Im Zuge der Ausgangsbeschr\u00e4nkung durch den Coronavirus (Covid-19) entstand durch die Jugendbetreuerin Lisa Rauscher von der Freiwilligen Feuerwehr Theresienfeld die Idee zu einem R\u00e4tselheft f\u00fcr&nbsp; M\u00e4dchen und Burschen, welche nun auch nicht mehr in das Feuerwehrhaus kommen d\u00fcrfen.Dem Motto \u201eStay at home\u201c folgend erstellte Lisa das R\u00e4tselheft f\u00fcr \u201eihre\u201c Kids zu Hause.Die Aufgaben aus dem&hellip; <br \/> <a class=\"button small blue\" href=\"http:\/\/www.hniliczka.at\/feuerwehrkids\/\">Weiterlesen<\/a><\/p>\n","protected":false},"author":1,"featured_media":0,"parent":0,"menu_order":0,"comment_status":"closed","ping_status":"closed","template":"","meta":{"_monsterinsights_skip_tracking":false,"_monsterinsights_sitenote_active":false,"_monsterinsights_sitenote_note":"","_monsterinsights_sitenote_category":0},"_links":{"self":[{"href":"http:\/\/www.hniliczka.at\/feuerwehrkids\/wp-json\/wp\/v2\/pages\/15"}],"collection":[{"href":"http:\/\/www.hniliczka.at\/feuerwehrkids\/wp-json\/wp\/v2\/pages"}],"about":[{"href":"http:\/\/www.hniliczka.at\/feuerwehrkids\/wp-json\/wp\/v2\/types\/page"}],"author":[{"embeddable":true,"href":"http:\/\/www.hniliczka.at\/feuerwehrkids\/wp-json\/wp\/v2\/users\/1"}],"replies":[{"embeddable":true,"href":"http:\/\/www.hniliczka.at\/feuerwehrkids\/wp-json\/wp\/v2\/comments?post=15"}],"version-history":[{"count":36,"href":"http:\/\/www.hniliczka.at\/feuerwehrkids\/wp-json\/wp\/v2\/pages\/15\/revisions"}],"predecessor-version":[{"id":535,"href":"http:\/\/www.hniliczka.at\/feuerwehrkids\/wp-json\/wp\/v2\/pages\/15\/revisions\/535"}],"wp:attachment":[{"href":"http:\/\/www.hniliczka.at\/feuerwehrkids\/wp-json\/wp\/v2\/media?parent=15"}],"curies":[{"name":"wp","href":"https:\/\/api.w.org\/{rel}","templated":true}]}}