{"id":206,"date":"2020-03-25T22:34:15","date_gmt":"2020-03-25T21:34:15","guid":{"rendered":"http:\/\/www.hniliczka.at\/feuerwehrkids\/?page_id=206"},"modified":"2020-03-25T22:38:39","modified_gmt":"2020-03-25T21:38:39","slug":"impressum","status":"publish","type":"page","link":"http:\/\/www.hniliczka.at\/feuerwehrkids\/impressum\/","title":{"rendered":"Impressum"},"content":{"rendered":"\t\t<div data-elementor-type=\"wp-page\" data-elementor-id=\"206\" class=\"elementor elementor-206\">\n\t\t\t\t\t\t<div class=\"elementor-inner\">\n\t\t\t\t<div class=\"elementor-section-wrap\">\n\t\t\t\t\t\t\t\t\t<section class=\"elementor-section elementor-top-section elementor-element elementor-element-39eee55 elementor-section-boxed elementor-section-height-default elementor-section-height-default\" data-id=\"39eee55\" data-element_type=\"section\">\n\t\t\t\t\t\t<div class=\"elementor-container elementor-column-gap-default\">\n\t\t\t\t\t\t\t<div class=\"elementor-row\">\n\t\t\t\t\t<div class=\"elementor-column elementor-col-100 elementor-top-column elementor-element elementor-element-4040da7\" data-id=\"4040da7\" data-element_type=\"column\">\n\t\t\t<div class=\"elementor-column-wrap elementor-element-populated\">\n\t\t\t\t\t\t\t<div class=\"elementor-widget-wrap\">\n\t\t\t\t\t\t<div class=\"elementor-element elementor-element-5ca0974 elementor-widget elementor-widget-text-editor\" data-id=\"5ca0974\" data-element_type=\"widget\" data-widget_type=\"text-editor.default\">\n\t\t\t\t<div class=\"elementor-widget-container\">\n\t\t\t\t\t\t\t\t<div class=\"elementor-text-editor elementor-clearfix\">\n\t\t\t\t<h2>Feuerwehrkids.at<\/h2><h3 class=\"Body2\"><span class=\"C-4\">F\u00fcr den Inhalt verantwortlich:<\/span><\/h3><p class=\"Body2\"><span class=\"C-5\">Feuerwehrkids.AT<br \/>c\/o P.A.M. Solutions e.U.<br \/>Mag. (FH) Pamela Hniliczka<br \/>Badner Stra\u00dfe 41<br \/>2604 Theresienfeld<br \/>+43 \u2013 676 \u2013 63 80 398<br \/>hallo@feuerwehrkids.at<\/span><\/p><p class=\"Body2\"><span class=\"C-5\">UID ATU68644434<br \/>FN 419591x<br \/>Landesgericht Wiener Neustadt<br \/><\/span><\/p><p class=\"Body2\"><span class=\"C-5\">Bankverbindung:<br \/><\/span><span class=\"C-5\">Raiffeisenbank Wiener Neustadt<br \/>IBAN: AT03 3293 7001 0213 0912<br \/>BIC: RLNWATWWWRN<\/span><\/p><p>Webdesign: <a href=\"https:\/\/www.pam-solutions.at\" target=\"_blank\" rel=\"noopener\">#pamsolutionsat<\/a><\/p><div id=\"txt_286\"><p class=\"Body\"><strong><span class=\"C-2\">1. Inhalt des Onlineangebotes<\/span><\/strong><\/p><p class=\"Body P-1\"><span class=\"C-3\">Der Autor \u00fcbernimmt keinerlei Gew\u00e4hr f\u00fcr die Aktualit\u00e4t, Korrektheit, Vollst\u00e4ndigkeit oder Qualit\u00e4t der bereitgestellten Informationen. Haftungsanspr\u00fcche gegen den Autor, welche sich auf Sch\u00e4den materieller oder ideeller Art beziehen, die durch die Nutzung oder Nichtnutzung der dargebotenen Informationen bzw. durch die Nutzung fehlerhafter und unvollst\u00e4ndiger Informationen verursacht wurden, sind grunds\u00e4tzlich ausgeschlossen, sofern seitens des Autors kein nachweislich vors\u00e4tzliches oder grob fahrl\u00e4ssiges Verschulden vorliegt. Alle Angebote sind freibleibend und unverbindlich. Der Autor beh\u00e4lt es sich ausdr\u00fccklich vor, Teile der Seiten oder das gesamte Angebot ohne gesonderte Ank\u00fcndigung zu ver\u00e4ndern, zu erg\u00e4nzen, zu l\u00f6schen oder die Ver\u00f6ffentlichung zeitweise oder endg\u00fcltig einzustellen.<\/span><\/p><p class=\"Body\"><strong><span class=\"C-2\">2. Verweise und Links<\/span><\/strong><\/p><p class=\"Body P-1\"><span class=\"C-3\">Bei direkten oder indirekten Verweisen auf fremde Internetseiten (\u201eLinks\u201c), die au\u00dferhalb des Verantwortungsbereiches des Autors liegen, w\u00fcrde eine Haftungsverpflichtung ausschlie\u00dflich in dem Fall in Kraft treten, in dem der Autor von den Inhalten Kenntnis hat und es ihm technisch m\u00f6glich und zumutbar w\u00e4re, die Nutzung im Falle rechtswidriger Inhalte zu verhindern. Der Autor erkl\u00e4rt hiermit ausdr\u00fccklich, dass zum Zeitpunkt der Linksetzung keine illegalen Inhalte auf den zu verlinkenden Seiten erkennbar waren. Auf die aktuelle und zuk\u00fcnftige Gestaltung, die Inhalte oder die Urheberschaft der gelinkten\/verkn\u00fcpften Seiten hat der Autor keinerlei Einfluss. Deshalb distanziert er sich hiermit ausdr\u00fccklich von allen Inhalten aller gelinkten \/verkn\u00fcpften Seiten, die nach der Linksetzung ver\u00e4ndert wurden. Diese Feststellung gilt f\u00fcr alle innerhalb des eigenen Internetangebotes gesetzten Links und Verweise sowie f\u00fcr Fremdeintr\u00e4ge in vom Autor eingerichteten G\u00e4steb\u00fcchern, Diskussionsforen und Mailinglisten. F\u00fcr illegale, fehlerhafte oder unvollst\u00e4ndige Inhalte und insbesondere f\u00fcr Sch\u00e4den, die aus der Nutzung oder Nichtnutzung solcherart dargebotener Informationen entstehen, haftet allein der Anbieter der Seite, auf welche verwiesen wurde, nicht derjenige, der \u00fcber Links auf die jeweilige Ver\u00f6ffentlichung lediglich verweist.<\/span><\/p><p class=\"Body\"><strong><span class=\"C-2\">\u00a03. Urheber- und Kennzeichenrecht<\/span><\/strong><\/p><p class=\"Body P-1\"><span class=\"C-3\">Der Autor ist bestrebt, in allen Publikationen die Urheberrechte der verwendeten Grafiken, Tondokumente, Videosequenzen und Texte zu beachten, von ihm selbst erstellte Grafiken, Tondokumente, Videosequenzen und Texte zu nutzen oder auf lizenzfreie Grafiken, Tondokumente, Videosequenzen und Texte zur\u00fcckzugreifen.<\/span><\/p><p class=\"Body P-1\"><span class=\"C-3\">Alle innerhalb des Internetangebotes genannten und ggf. durch Dritte gesch\u00fctzten Marken- und Warenzeichen unterliegen uneingeschr\u00e4nkt den Bestimmungen des jeweils g\u00fcltigen Kennzeichenrechts und den Besitzrechten der jeweiligen eingetragenen Eigent\u00fcmer. Allein aufgrund der blo\u00dfen Nennung ist nicht der Schluss zu ziehen, dass Markenzeichen nicht durch Rechte Dritter gesch\u00fctzt sind! Das Copyright f\u00fcr ver\u00f6ffentlichte, vom Autor selbst erstellte Objekte bleibt allein beim Autor der Seiten. Eine Vervielf\u00e4ltigung oder Verwendung solcher Grafiken, Tondokumente, Videosequenzen und Texte in anderen elektronischen oder gedruckten Publikationen ist ohne ausdr\u00fcckliche Zustimmung des Autors nicht gestattet.<\/span><\/p><p><strong><span class=\"C-2\">4. Rechtswirksamkeit dieses Haftungsausschlusses<\/span><\/strong><\/p><p class=\"Body P-1\"><span class=\"C-3\">Dieser Haftungsausschluss ist als Teil des Internetangebotes zu betrachten, von dem aus auf diese Seite verwiesen wurde. Sofern Teile oder einzelne Formulierungen dieses Textes der geltenden Rechtslage nicht, nicht mehr oder nicht vollst\u00e4ndig entsprechen sollten, bleiben die \u00fcbrigen Teile des Dokumentes in ihrem Inhalt und ihrer G\u00fcltigkeit davon unber\u00fchrt.<\/span><\/p><\/div>\t\t\t\t\t<\/div>\n\t\t\t\t\t\t<\/div>\n\t\t\t\t<\/div>\n\t\t\t\t\t\t<\/div>\n\t\t\t\t\t<\/div>\n\t\t<\/div>\n\t\t\t\t\t\t\t\t<\/div>\n\t\t\t\t\t<\/div>\n\t\t<\/section>\n\t\t\t\t\t\t\t\t\t<\/div>\n\t\t\t<\/div>\n\t\t\t\t\t<\/div>\n\t\t","protected":false},"excerpt":{"rendered":"<p>Feuerwehrkids.at F\u00fcr den Inhalt verantwortlich: Feuerwehrkids.ATc\/o P.A.M. Solutions e.U.Mag. (FH) Pamela HniliczkaBadner Stra\u00dfe 412604 Theresienfeld+43 \u2013 676 \u2013 63 80 398hallo@feuerwehrkids.at UID ATU68644434FN 419591xLandesgericht Wiener Neustadt Bankverbindung:Raiffeisenbank Wiener NeustadtIBAN: AT03 3293 7001 0213 0912BIC: RLNWATWWWRN Webdesign: #pamsolutionsat 1. Inhalt des Onlineangebotes Der Autor \u00fcbernimmt keinerlei Gew\u00e4hr f\u00fcr die Aktualit\u00e4t, Korrektheit, Vollst\u00e4ndigkeit oder Qualit\u00e4t der bereitgestellten&hellip; <br \/> <a class=\"button small blue\" href=\"http:\/\/www.hniliczka.at\/feuerwehrkids\/impressum\/\">Weiterlesen<\/a><\/p>\n","protected":false},"author":1,"featured_media":0,"parent":0,"menu_order":0,"comment_status":"closed","ping_status":"closed","template":"","meta":{"_monsterinsights_skip_tracking":false,"_monsterinsights_sitenote_active":false,"_monsterinsights_sitenote_note":"","_monsterinsights_sitenote_category":0},"_links":{"self":[{"href":"http:\/\/www.hniliczka.at\/feuerwehrkids\/wp-json\/wp\/v2\/pages\/206"}],"collection":[{"href":"http:\/\/www.hniliczka.at\/feuerwehrkids\/wp-json\/wp\/v2\/pages"}],"about":[{"href":"http:\/\/www.hniliczka.at\/feuerwehrkids\/wp-json\/wp\/v2\/types\/page"}],"author":[{"embeddable":true,"href":"http:\/\/www.hniliczka.at\/feuerwehrkids\/wp-json\/wp\/v2\/users\/1"}],"replies":[{"embeddable":true,"href":"http:\/\/www.hniliczka.at\/feuerwehrkids\/wp-json\/wp\/v2\/comments?post=206"}],"version-history":[{"count":2,"href":"http:\/\/www.hniliczka.at\/feuerwehrkids\/wp-json\/wp\/v2\/pages\/206\/revisions"}],"predecessor-version":[{"id":208,"href":"http:\/\/www.hniliczka.at\/feuerwehrkids\/wp-json\/wp\/v2\/pages\/206\/revisions\/208"}],"wp:attachment":[{"href":"http:\/\/www.hniliczka.at\/feuerwehrkids\/wp-json\/wp\/v2\/media?parent=206"}],"curies":[{"name":"wp","href":"https:\/\/api.w.org\/{rel}","templated":true}]}}